{"id":29542,"date":"2021-10-27T15:46:20","date_gmt":"2021-10-27T15:46:20","guid":{"rendered":"https:\/\/liana.com.pt\/?post_type=product&#038;p=29542"},"modified":"2021-10-27T16:35:41","modified_gmt":"2021-10-27T16:35:41","slug":"prateleira-garrafas-140bxd-transp-natural","status":"publish","type":"product","link":"https:\/\/liana.com.pt\/it\/produto\/prateleira-garrafas-140bxd-transp-natural\/","title":{"rendered":"Prateleira Garrafas\/140BXD (TRANSP-NATURAL)"},"content":{"rendered":"<p><strong>180468<\/strong> (10692924), <strong>180469<\/strong> (10692925), <strong>180470<\/strong> (10691180, 10693457), <strong>180481<\/strong> (10692926), <strong>180482<\/strong> (10691313, 10693880), <strong>C170<\/strong> (10704559), <strong>CCA1755<\/strong> (10689670), <strong>EMFP1455<\/strong> (10691722), <strong>EMFP1655<\/strong> (10691723), <strong>F160<\/strong> (10690832), <strong>FC3012<\/strong> (10688761), <strong>FCA144<\/strong> (10683015, 10690833), <strong>FDP280VA+<\/strong> (10671515), <strong>FDP340VA+<\/strong> (10671516), <strong>FEU144INOXPLUX<\/strong> (10682656), <strong>FEU144PLUS<\/strong> (10642669), <strong>FG1441<\/strong> (10672765), <strong>TF2142VR01<\/strong> (10673090), <strong>FLX31217A+<\/strong> (10704143), <strong>FT2-221VR04BLANCO<\/strong> (10684892), <strong>FT2-321VR04<\/strong> (10684894), <strong>FT-247<\/strong> (10666990), <strong>FT-247VR04<\/strong> (10684878), <strong>FT3-240VR04<\/strong> (10684898), <strong>FT-327<\/strong> (10666989), <strong>FT-327VR04<\/strong> (10684897), <strong>FT3-310VR04<\/strong> (10684879), <strong>FTM-209<\/strong> (10666992), <strong>FTM-309<\/strong> (10635199), <strong>FTM309VR04<\/strong> (10684877), <strong>FUD1450<\/strong> (10668991), <strong>HOME-F211A<\/strong> (10674368), <strong>JF2601<\/strong> (10687934), <strong>JF26518<\/strong> (10721361), <strong>JF2801<\/strong> (10687933), <strong>MFC270W<\/strong> (10690342), <strong>MFF260W<\/strong> (10671732), <strong>FG1601<\/strong> (10672585),<strong> MFT-241<\/strong> (10668797), <strong>OFK45413A1<\/strong> (10682876), <strong>ORA26<\/strong> (10670805), <strong>ORA28<\/strong> (10670806), <strong>ORA312W<\/strong> (10689621), <strong>RP312A+<\/strong> (10689429), <strong>SFCES17021B<\/strong> (10689151), <strong>SFES2520A+<\/strong> (10673218), <strong>SVF-145<\/strong> (10640980), <strong>TGBVCC15216<\/strong> (10689235), <strong>TGBVCC17016<\/strong> (10689268),<strong> TGBVF216016<\/strong> (10689236), <strong>TGVF114416<\/strong> (10689302), <strong>TGVF14144<\/strong> (10669439), <strong>THORTF2168VR<\/strong> (10683981), <strong>TLK160A+<\/strong> (10694928), <strong>WD213<\/strong> (10673456)<\/p>\n","protected":false},"excerpt":{"rendered":"<p>Prateleira Garrafas\/140BXD (TRANSP-NATURAL) para Frigorifico dos seguintes modelos:<\/p>\n<p>C\u00f3digo 42126725 Posi\u00e7\u00e3o 160<\/p>\n<p><strong>180468, 180469, 180470, 180481, 180482, C170, CCA1755, EMFP1455, EMFP1655, F160, FC3012, FCA144, FDP280VA+, FDP340VA+, FEU144INOXPLUX, FEU144PLUS, FG1441, TF2142VR01, FLX31217A+, FT2-221VR04BLANCO, FT2-321VR04, FT-247, FT-247VR04, FT3-240VR04, FT-327, FT-327VR04, FT3-310VR04, FTM-209, FTM-309, FTM309VR04, FUD1450, HOME-F211A, JF2601, JF26518, JF2801, MFC270W, MFF260W, FG1601, MFT-241, OFK45413A1, ORA26, ORA28, ORA312W, RP312A+, SFCES17021B, SFES2520A+, SVF-145, TGBVCC15216, TGBVCC17016, TGBVF216016, TGVF114416, TGVF14144, THORTF2168VR, TLK160A+, WD213<\/strong><\/p>\n<p>Mais abaixo pode consultar o n\u00famero de produ\u00e7\u00e3o de cada um dos modelos.<\/p>\n","protected":false},"featured_media":29543,"comment_status":"closed","ping_status":"closed","template":"","meta":{"inline_featured_image":false},"acf":[],"brands":[{"id":7644,"name":"CALIFORNIA","slug":"california-pt"},{"id":7658,"name":"EDESA","slug":"edesa-pt"},{"id":7655,"name":"EMWELL","slug":"emwell"},{"id":7654,"name":"EUREKA","slug":"eureka-pt"},{"id":5750,"name":"FINLUX","slug":"finlux-pt"},{"id":4594,"name":"MEIRELES","slug":"meireles-pt"},{"id":5834,"name":"OK","slug":"ok-pt"},{"id":32,"name":"ORIMA","slug":"orima"},{"id":3203,"name":"PRINCESS","slug":"princess"},{"id":6326,"name":"SCHNEIDER","slug":"schneider-pt"},{"id":3645,"name":"SELECLINE","slug":"selecline"},{"id":5686,"name":"SUNFEEL","slug":"sunfeel"},{"id":5713,"name":"SVAN","slug":"svan-pt"},{"id":6424,"name":"TECHWOOD","slug":"techwood-pt"},{"id":2928,"name":"TECNISON","slug":"tecnison"},{"id":7656,"name":"TECNOGAS","slug":"tecnogas-pt"},{"id":6070,"name":"TEGRAN","slug":"tegran-pt"},{"id":5723,"name":"TEKA","slug":"teka-pt"},{"id":2925,"name":"TELEFUNKEN","slug":"telefunken-pt"},{"id":7657,"name":"THOR","slug":"thor-pt"},{"id":7653,"name":"UDACHI","slug":"udachi-pt"}],"_links":{"self":[{"href":"https:\/\/liana.com.pt\/it\/wp-json\/wp\/v2\/product\/29542"}],"collection":[{"href":"https:\/\/liana.com.pt\/it\/wp-json\/wp\/v2\/product"}],"about":[{"href":"https:\/\/liana.com.pt\/it\/wp-json\/wp\/v2\/types\/product"}],"replies":[{"embeddable":true,"href":"https:\/\/liana.com.pt\/it\/wp-json\/wp\/v2\/comments?post=29542"}],"wp:featuredmedia":[{"embeddable":true,"href":"https:\/\/liana.com.pt\/it\/wp-json\/wp\/v2\/media\/29543"}],"wp:attachment":[{"href":"https:\/\/liana.com.pt\/it\/wp-json\/wp\/v2\/media?parent=29542"}],"curies":[{"name":"wp","href":"https:\/\/api.w.org\/{rel}","templated":true}]}}