{"id":26165,"date":"2021-05-20T07:56:50","date_gmt":"2021-05-20T06:56:50","guid":{"rendered":"https:\/\/liana.com.pt\/?post_type=product&#038;p=26165"},"modified":"2024-06-14T17:09:50","modified_gmt":"2024-06-14T16:09:50","slug":"filtro-desidratador","status":"publish","type":"product","link":"https:\/\/liana.com.pt\/it\/produto\/filtro-desidratador\/","title":{"rendered":"Filtro Desidratador"},"content":{"rendered":"<p><strong>LAGAN 004.969.39<\/strong> (LAGAN NNN FRDG W FRZR COMP)<\/p>\n<p><strong>LAGAN 204.901.30<\/strong> (HD-273FN(EU) LAGAN)<\/p>\n<p><strong>LAGAN 704.901.18<\/strong> (HD-221RN (EU) LAGAN)<\/p>\n<p><strong>MEDG\u00c5NG 204.901.25<\/strong> HD-400RWEN (EU) MEDG\u00c5NG BLK<\/p>\n<p><strong>MEDG\u00c5NG 504.901.24<\/strong> (HD-400RWEN (EU) MEDG\u00c5NG BSS)<\/p>\n<p><strong>P\u00c5KALLA 704.901.23<\/strong> (HD-413REN (EU) P\u00c5KALLA)<\/p>\n<p><strong>UPPKALLA 904.901.22<\/strong> (HD-413REN (EU) UPPKALLA)<\/p>\n<p><strong>V\u00c4LG\u00c5NG 004.901.26<\/strong> (HD-468RWEN(EU) V\u00c4LG\u00c5NG SS)<\/p>\n<p><strong>V\u00c4LG\u00c5NG 804.901.27<\/strong> (HD-468RWEN(XX) V\u00c4LG\u00c5NG BSS)<\/p>\n<p>&nbsp;<\/p>\n","protected":false},"excerpt":{"rendered":"<p>Filtro Desidratador para Frigor\u00edfico\/Congelador dos seguintes modelos:<\/p>\n<p>C\u00f3digo 15531000001761 Posi\u00e7\u00e3o 30 &#8211; Posi\u00e7\u00e3o 23 &#8211; Posi\u00e7\u00e3o 29 &#8211; Posi\u00e7\u00e3o 25<\/p>\n<p><strong><span style=\"color: #0000ff;\">Este artigo \u00e9 compat\u00edvel com os seguintes c\u00f3digos: 3040500011 = 43009052 = 3040500011 = DA81-06475A = DA81-06475A<\/span><\/strong><\/p>\n<p><strong>LAGAN 004.969.39, LAGAN 204.901.30, LAGAN 704.901.18, MEDG\u00c5NG 204.901.25, MEDG\u00c5NG 504.901.24, P\u00c5KALLA 704.901.23, UPPKALLA 904.901.22, V\u00c4LG\u00c5NG 004.901.26, V\u00c4LG\u00c5NG 804.901.27<br \/>\n<\/strong><\/p>\n<p>Mais abaixo pode consultar o n\u00famero de produ\u00e7\u00e3o de cada um dos modelos.<\/p>\n","protected":false},"featured_media":26037,"comment_status":"closed","ping_status":"closed","template":"","meta":{"inline_featured_image":false},"acf":[],"brands":[{"id":4823,"name":"IKEA","slug":"ikea-pt"}],"_links":{"self":[{"href":"https:\/\/liana.com.pt\/it\/wp-json\/wp\/v2\/product\/26165"}],"collection":[{"href":"https:\/\/liana.com.pt\/it\/wp-json\/wp\/v2\/product"}],"about":[{"href":"https:\/\/liana.com.pt\/it\/wp-json\/wp\/v2\/types\/product"}],"replies":[{"embeddable":true,"href":"https:\/\/liana.com.pt\/it\/wp-json\/wp\/v2\/comments?post=26165"}],"wp:featuredmedia":[{"embeddable":true,"href":"https:\/\/liana.com.pt\/it\/wp-json\/wp\/v2\/media\/26037"}],"wp:attachment":[{"href":"https:\/\/liana.com.pt\/it\/wp-json\/wp\/v2\/media?parent=26165"}],"curies":[{"name":"wp","href":"https:\/\/api.w.org\/{rel}","templated":true}]}}