{"id":36440,"date":"2025-03-26T18:20:25","date_gmt":"2025-03-27T16:23:56","guid":{"rendered":"https:\/\/liana.com.pt\/?post_type=product&#038;p=36440"},"modified":"2025-03-27T16:23:57","modified_gmt":"2025-03-27T16:23:57","slug":"kit-barres-led","status":"publish","type":"product","link":"https:\/\/liana.com.pt\/fr\/produto\/kit-barres-led\/","title":{"rendered":"KIT Barres LED"},"content":{"rendered":"<p><strong>SELECLINE &#8211;<\/strong> 13010832S18<br \/>\n<strong>SILVER &#8211;<\/strong> IP-LE32\/410004-B<br \/>\n<strong>ARIELLI &#8211;<\/strong> LED-32DN6T2<br \/>\n<strong>PHILIPS &#8211;<\/strong> 32PHH4109, 32PFL3188, 32FLEA99T2SM<br \/>\n<strong>BLUALTA &#8211;<\/strong> BL-F32-HD<br \/>\n<strong>ROMSAT &#8211;<\/strong> 32HMC1720T2<br \/>\n<strong>ALLVIEW &#8211;<\/strong> 32ATC5000-H<\/p>\n","protected":false},"excerpt":{"rendered":"<p>KIT Barres LED pour t\u00e9l\u00e9viseurs LED des mod\u00e8les suivants :<\/p>\n<p>Code 13010832S18<\/p>\n<p><strong>13010832S18, IP-LE32\/410004-B, LED-32DN6T2, 32PHH4109, 32PFL3188, 32FLEA99T2SM, BL-F32-HD, 32HMC1720T2, 32ATC5000-H<\/strong><\/p>\n<p>Voir ci-dessous les mod\u00e8les compatibles.<\/p>\n","protected":false},"featured_media":36429,"comment_status":"closed","ping_status":"closed","template":"","meta":{"inline_featured_image":false},"acf":[],"brands":[{"id":3645,"name":"SELECLINE","slug":"selecline"}],"_links":{"self":[{"href":"https:\/\/liana.com.pt\/fr\/wp-json\/wp\/v2\/product\/36440"}],"collection":[{"href":"https:\/\/liana.com.pt\/fr\/wp-json\/wp\/v2\/product"}],"about":[{"href":"https:\/\/liana.com.pt\/fr\/wp-json\/wp\/v2\/types\/product"}],"replies":[{"embeddable":true,"href":"https:\/\/liana.com.pt\/fr\/wp-json\/wp\/v2\/comments?post=36440"}],"wp:featuredmedia":[{"embeddable":true,"href":"https:\/\/liana.com.pt\/fr\/wp-json\/wp\/v2\/media\/36429"}],"wp:attachment":[{"href":"https:\/\/liana.com.pt\/fr\/wp-json\/wp\/v2\/media?parent=36440"}],"curies":[{"name":"wp","href":"https:\/\/api.w.org\/{rel}","templated":true}]}}