{"id":36272,"date":"2025-01-16T18:02:18","date_gmt":"2025-01-23T17:58:38","guid":{"rendered":"https:\/\/liana.com.pt\/?post_type=product&#038;p=36272"},"modified":"2025-01-23T17:58:39","modified_gmt":"2025-01-23T17:58:39","slug":"tiroir-central","status":"publish","type":"product","link":"https:\/\/liana.com.pt\/fr\/produto\/tiroir-central\/","title":{"rendered":"Tiroir Central"},"content":{"rendered":"<p><strong>HOMA<\/strong> &#8211; DF228<\/p>\n<p><strong>JETFROST<\/strong> &#8211; CS329FA+<\/p>\n","protected":false},"excerpt":{"rendered":"<p>Tiroir central du cong\u00e9lateur pour Combin\u00e9 des mod\u00e8les suivants:<\/p>\n<p>Code HOM20014870<\/p>\n<p><strong>CS329FA, DF228<\/strong><\/p>\n<p>Vous trouverez ci-dessous les mod\u00e8les compatibles.<\/p>\n","protected":false},"featured_media":36223,"comment_status":"closed","ping_status":"closed","template":"","meta":{"inline_featured_image":false},"acf":[],"brands":[],"_links":{"self":[{"href":"https:\/\/liana.com.pt\/fr\/wp-json\/wp\/v2\/product\/36272"}],"collection":[{"href":"https:\/\/liana.com.pt\/fr\/wp-json\/wp\/v2\/product"}],"about":[{"href":"https:\/\/liana.com.pt\/fr\/wp-json\/wp\/v2\/types\/product"}],"replies":[{"embeddable":true,"href":"https:\/\/liana.com.pt\/fr\/wp-json\/wp\/v2\/comments?post=36272"}],"wp:featuredmedia":[{"embeddable":true,"href":"https:\/\/liana.com.pt\/fr\/wp-json\/wp\/v2\/media\/36223"}],"wp:attachment":[{"href":"https:\/\/liana.com.pt\/fr\/wp-json\/wp\/v2\/media?parent=36272"}],"curies":[{"name":"wp","href":"https:\/\/api.w.org\/{rel}","templated":true}]}}