{"id":36048,"date":"2024-10-22T15:41:09","date_gmt":"2024-10-22T14:49:21","guid":{"rendered":"https:\/\/liana.com.pt\/?post_type=product&#038;p=36048"},"modified":"2024-10-22T15:49:23","modified_gmt":"2024-10-22T14:49:23","slug":"telecommande-rc49141","status":"publish","type":"product","link":"https:\/\/liana.com.pt\/fr\/produto\/telecommande-rc49141\/","title":{"rendered":"T\u00e9l\u00e9commande RC49141"},"content":{"rendered":"<p><strong>HITACHI<\/strong> &#8211; 10104308 &#8211; 43HB6T62 H, 10105405 &#8211; 32HB6T41 A, 10105413 &#8211; 49HB6W62, 10106169 &#8211; 40HB6T62 K, 10106231 &#8211; 55HB6W62 A, 10106268 &#8211; 55HGW69 K, 10107786 &#8211; 32HB4T41, 10108341 &#8211; 65HZ6W69 A, 10109132 &#8211; 39HB4T62, 10109148 &#8211; 48HB6W62 A, 10109359 &#8211; 32HB4T62, 10110331 &#8211; 65HZ6W69 B, 10110887 &#8211; 32HB4T61, 10111455 &#8211; 75HL17W64, 10111458 &#8211; 55HL15W69, 10111459 &#8211; 49HL15W69, 10111965 &#8211; 43HL15W69, 10112537 &#8211; 55HB6W62 B, 10112845 &#8211; 65HL15W64 A, 10113611 &#8211; 75HL17W64 A, 10114263 &#8211; 43HK4W64, 10114264 &#8211; 49HK4W64, 10114733 &#8211; 48HB6W62 H, 10114945 &#8211; 40HB6T62 L, 10114946 &#8211; 32HB4T62 H, 10114953 &#8211; 32HB4T61 H, 10115571 &#8211; 55HL15W69 A, 10116438 &#8211; 55HK4W64 A, 10116597 &#8211; 24HB4T65 H, 10116610 &#8211; 39HB4T62 H, 10116734 &#8211; 49HK4W64 A<\/p>\n","protected":false},"excerpt":{"rendered":"<p>T\u00e9l\u00e9commande RC49141 pour les \u00e9crans LCD des mod\u00e8les suivants:<\/p>\n<p>Code 23364113<\/p>\n<p><strong>HITACHI<\/strong><\/p>\n<p>De plus amples informations sur les mod\u00e8les compatibles sont disponibles ci-dessous.<\/p>\n","protected":false},"featured_media":36043,"comment_status":"closed","ping_status":"closed","template":"","meta":{"inline_featured_image":false},"acf":[],"brands":[],"_links":{"self":[{"href":"https:\/\/liana.com.pt\/fr\/wp-json\/wp\/v2\/product\/36048"}],"collection":[{"href":"https:\/\/liana.com.pt\/fr\/wp-json\/wp\/v2\/product"}],"about":[{"href":"https:\/\/liana.com.pt\/fr\/wp-json\/wp\/v2\/types\/product"}],"replies":[{"embeddable":true,"href":"https:\/\/liana.com.pt\/fr\/wp-json\/wp\/v2\/comments?post=36048"}],"wp:featuredmedia":[{"embeddable":true,"href":"https:\/\/liana.com.pt\/fr\/wp-json\/wp\/v2\/media\/36043"}],"wp:attachment":[{"href":"https:\/\/liana.com.pt\/fr\/wp-json\/wp\/v2\/media?parent=36048"}],"curies":[{"name":"wp","href":"https:\/\/api.w.org\/{rel}","templated":true}]}}