{"id":35114,"date":"2024-01-08T23:53:29","date_gmt":"2024-01-09T00:01:24","guid":{"rendered":"https:\/\/liana.com.pt\/?post_type=product&#038;p=35114"},"modified":"2024-01-09T00:01:26","modified_gmt":"2024-01-09T00:01:26","slug":"telecommande-rc43140","status":"publish","type":"product","link":"https:\/\/liana.com.pt\/fr\/produto\/telecommande-rc43140\/","title":{"rendered":"T\u00e9l\u00e9commande RC43140"},"content":{"rendered":"<p><strong>HITACHI<\/strong> &#8211; 22HE4001, 75HL7000, 24HE2000, 32HE2000, 40HE4001, 32HE4000, 43HK6500, 49HK6500, 55HK6500, 65HK6500, 65HL7000, 49F501HK5000, 50HK5000, 55HK6100, 43HK5100, 50HK5100, 55HK5100, 65HK5100, 32HE2100, 32HE4100, 39HE4005, 24HE2100, 43HK5600, 50HK5600, 55HK5600, 58HK5600, 65HK5600, 75HL7100, 43HK5600, 50HK5600, 55HK5600, 58HK5600, 43HE4005, 65HK5600, 32HE4100, 32HE2100, 24HE2200, 24HE2201, 43HE4205, 32HE2200, 22HE4202, 32HE4300, 40HE4200, 39HE2200, 32HE2301<\/p>\n<p><strong>EDENWOOD<\/strong> &#8211; ED65EA07UHD-VE<\/p>\n","protected":false},"excerpt":{"rendered":"<p>T\u00e9l\u00e9commande RC43140 pour les \u00e9crans LCD des mod\u00e8les suivants :<\/p>\n<p>Code 30101745<\/p>\n<p><strong>HITACHI, EDENWOOD<\/strong><\/p>\n<p>Ci-dessous vous pouvez voir les mod\u00e8les compatibles.<\/p>\n","protected":false},"featured_media":35109,"comment_status":"closed","ping_status":"closed","template":"","meta":{"inline_featured_image":false},"acf":[],"brands":[],"_links":{"self":[{"href":"https:\/\/liana.com.pt\/fr\/wp-json\/wp\/v2\/product\/35114"}],"collection":[{"href":"https:\/\/liana.com.pt\/fr\/wp-json\/wp\/v2\/product"}],"about":[{"href":"https:\/\/liana.com.pt\/fr\/wp-json\/wp\/v2\/types\/product"}],"replies":[{"embeddable":true,"href":"https:\/\/liana.com.pt\/fr\/wp-json\/wp\/v2\/comments?post=35114"}],"wp:featuredmedia":[{"embeddable":true,"href":"https:\/\/liana.com.pt\/fr\/wp-json\/wp\/v2\/media\/35109"}],"wp:attachment":[{"href":"https:\/\/liana.com.pt\/fr\/wp-json\/wp\/v2\/media?parent=35114"}],"curies":[{"name":"wp","href":"https:\/\/api.w.org\/{rel}","templated":true}]}}