{"id":33140,"date":"2023-03-10T11:25:49","date_gmt":"2023-03-10T12:03:02","guid":{"rendered":"https:\/\/liana.com.pt\/?post_type=product&#038;p=33140"},"modified":"2023-03-10T12:03:03","modified_gmt":"2023-03-10T12:03:03","slug":"poignee","status":"publish","type":"product","link":"https:\/\/liana.com.pt\/fr\/produto\/poignee\/","title":{"rendered":"Poign\u00e9e"},"content":{"rendered":"<p><strong>HAIER<\/strong> (HAS1000B)<\/p>\n","protected":false},"excerpt":{"rendered":"<p>Poign\u00e9e pour Machine \u00e0 Laver des mod\u00e8les suivants :<\/p>\n<p>Code 0020202021A<\/p>\n<p><strong>HAS1000B<\/strong><\/p>\n<p>Ci-dessous vous pouvez consulter les mod\u00e8les compatibles.<\/p>\n","protected":false},"featured_media":33134,"comment_status":"closed","ping_status":"closed","template":"","meta":{"inline_featured_image":false},"acf":[],"brands":[{"id":8356,"name":"HAIER","slug":"haier-pt"}],"_links":{"self":[{"href":"https:\/\/liana.com.pt\/fr\/wp-json\/wp\/v2\/product\/33140"}],"collection":[{"href":"https:\/\/liana.com.pt\/fr\/wp-json\/wp\/v2\/product"}],"about":[{"href":"https:\/\/liana.com.pt\/fr\/wp-json\/wp\/v2\/types\/product"}],"replies":[{"embeddable":true,"href":"https:\/\/liana.com.pt\/fr\/wp-json\/wp\/v2\/comments?post=33140"}],"wp:featuredmedia":[{"embeddable":true,"href":"https:\/\/liana.com.pt\/fr\/wp-json\/wp\/v2\/media\/33134"}],"wp:attachment":[{"href":"https:\/\/liana.com.pt\/fr\/wp-json\/wp\/v2\/media?parent=33140"}],"curies":[{"name":"wp","href":"https:\/\/api.w.org\/{rel}","templated":true}]}}