{"id":30961,"date":"2022-05-04T16:52:15","date_gmt":"2022-05-04T15:52:15","guid":{"rendered":"https:\/\/liana.com.pt\/?post_type=product&#038;p=30961"},"modified":"2024-06-05T16:31:34","modified_gmt":"2024-06-05T15:31:34","slug":"modulo-eletronico-vstl-ind-tc-fr26-23383118-4h-v3-0-tb-oc","status":"publish","type":"product","link":"https:\/\/liana.com.pt\/fr\/produto\/modulo-eletronico-vstl-ind-tc-fr26-23383118-4h-v3-0-tb-oc\/","title":{"rendered":"M\u00f3dulo Eletr\u00f3nico VSTL IND TC FR26 23383118 4H V3.0 TB\/OC"},"content":{"rendered":"<p><strong>ORP74IN<\/strong> (10729425), <strong>PVI660<\/strong> (10737919), <strong>8460FL<\/strong> (10769735)<\/p>\n","protected":false},"excerpt":{"rendered":"<p>M\u00f3dulo Eletr\u00f3nico VSTL IND TC FR26 23383118 4H V3.0 TB\/OC para Fog\u00e3o dos seguintes modelos:<\/p>\n<p>C\u00f3digo 32034292 Posi\u00e7\u00e3o 517<\/p>\n<p><strong>ORP74IN, PVI660, 8460FL<\/strong><\/p>\n<p>Mais abaixo pode consultar o n\u00famero de produ\u00e7\u00e3o de cada um dos modelos.<\/p>\n","protected":false},"featured_media":30965,"comment_status":"closed","ping_status":"closed","template":"","meta":{"inline_featured_image":false},"acf":[],"brands":[{"id":6177,"name":"CENTURY","slug":"century-pt"},{"id":6224,"name":"FLAMA","slug":"flama-pt"},{"id":32,"name":"ORIMA","slug":"orima"}],"_links":{"self":[{"href":"https:\/\/liana.com.pt\/fr\/wp-json\/wp\/v2\/product\/30961"}],"collection":[{"href":"https:\/\/liana.com.pt\/fr\/wp-json\/wp\/v2\/product"}],"about":[{"href":"https:\/\/liana.com.pt\/fr\/wp-json\/wp\/v2\/types\/product"}],"replies":[{"embeddable":true,"href":"https:\/\/liana.com.pt\/fr\/wp-json\/wp\/v2\/comments?post=30961"}],"wp:featuredmedia":[{"embeddable":true,"href":"https:\/\/liana.com.pt\/fr\/wp-json\/wp\/v2\/media\/30965"}],"wp:attachment":[{"href":"https:\/\/liana.com.pt\/fr\/wp-json\/wp\/v2\/media?parent=30961"}],"curies":[{"name":"wp","href":"https:\/\/api.w.org\/{rel}","templated":true}]}}