{"id":19776,"date":"2019-04-29T21:51:35","date_gmt":"2019-04-29T20:51:35","guid":{"rendered":"https:\/\/liana.com.pt\/?post_type=product&#038;p=19776"},"modified":"2024-07-24T11:35:53","modified_gmt":"2024-07-24T10:35:53","slug":"painel-comandos-new-pol-ff2cnw7120f2-2","status":"publish","type":"product","link":"https:\/\/liana.com.pt\/fr\/produto\/painel-comandos-new-pol-ff2cnw7120f2-2\/","title":{"rendered":"Painel Comandos NEW POL FF2C(NW7120F2)"},"content":{"rendered":"<p><strong>NW7120F2<\/strong> (5300405618, 5300406728, 5300406732, 5300403360, 5300407623, 5300407624, 5300409244, 5300410280, 5300421073, 5300415022, 5300416270, 5300416928, 5300422638, 5300418172, 5300427761, 5300422381, 5300421074, 5300422383, 5300422640, 5300433603, 5300434949, 5300433008, 5300427762, 5300425934, 5300424783, 5300424784, 5300436218, 5300445896, 5300443703, 5300450522, 5300450524, 5300453808, 5300453807, 5300450527, 5300450528, 5300450525, 5300455216, 5300458428, 5300458429, 5300462051, 5300475011, 5300466518, 5300462052, 5300475012, 5300475015, 5300475017, 5300486659, 5300486244, 5300486245, 5300489269, 5300489275, 5300492907, 5300492908, 5300494539, 5300497666, 5300494538, 5300497665, 5300503991, 5300503990)<\/p>\n<p><a href=\"https:\/\/liana.com.pt\/contactos\/\" target=\"_blank\" rel=\"noopener noreferrer\"><strong>Pre\u00e7o e disponibilidade sob consulta.<\/strong><\/a><\/p>\n","protected":false},"excerpt":{"rendered":"<p>Painel Comandos NEW POL FF2C(NW7120F2) para M\u00e1quina Lavar Roupa dos seguintes modelos:<\/p>\n<p>C\u00f3digo 42181130 Posi\u00e7\u00e3o 401<\/p>\n<p><strong>NW7120F2<\/strong><\/p>\n<p>Mais abaixo pode consultar o n\u00famero de produ\u00e7\u00e3o de cada um dos modelos.<\/p>\n<p><a href=\"https:\/\/liana.com.pt\/contactos\/\" target=\"_blank\" rel=\"noopener noreferrer\"><strong>Pre\u00e7o e disponibilidade sob consulta.<\/strong><\/a><\/p>\n","protected":false},"featured_media":19777,"comment_status":"closed","ping_status":"closed","template":"","meta":{"inline_featured_image":false},"acf":[],"brands":[{"id":89,"name":"NEW POL","slug":"new-pol"}],"_links":{"self":[{"href":"https:\/\/liana.com.pt\/fr\/wp-json\/wp\/v2\/product\/19776"}],"collection":[{"href":"https:\/\/liana.com.pt\/fr\/wp-json\/wp\/v2\/product"}],"about":[{"href":"https:\/\/liana.com.pt\/fr\/wp-json\/wp\/v2\/types\/product"}],"replies":[{"embeddable":true,"href":"https:\/\/liana.com.pt\/fr\/wp-json\/wp\/v2\/comments?post=19776"}],"wp:featuredmedia":[{"embeddable":true,"href":"https:\/\/liana.com.pt\/fr\/wp-json\/wp\/v2\/media\/19777"}],"wp:attachment":[{"href":"https:\/\/liana.com.pt\/fr\/wp-json\/wp\/v2\/media?parent=19776"}],"curies":[{"name":"wp","href":"https:\/\/api.w.org\/{rel}","templated":true}]}}