{"id":86559,"date":"2026-02-15T22:50:36","date_gmt":"2026-02-15T22:50:36","guid":{"rendered":"https:\/\/liana.com.pt\/?post_type=product&#038;p=86559"},"modified":"2026-02-15T23:00:12","modified_gmt":"2026-02-15T23:00:12","slug":"cesto-inferior-3","status":"publish","type":"product","link":"https:\/\/liana.com.pt\/es\/produto\/cesto-inferior-3\/","title":{"rendered":"Cesto Inferior"},"content":{"rendered":"<p>Se tem d\u00favidas que a pe\u00e7a escolhida \u00e9 compat\u00edvel com o seu equipamento, antes de efectuar o pagamento, envie-nos o modelo e o n\u00famero de s\u00e9rie do equipamento para n\u00f3s verificarmos.<br \/>\nSe preferir envie foto da etiqueta colada no equipamento.<\/p>\n","protected":false},"excerpt":{"rendered":"<p>Cesto Inferior para M\u00e1quina Lavar Loi\u00e7a<\/p>\n<p>C\u00f3digo L12976000006251<\/p>\n<p><strong>Medidas: 520 x 510 x 145 mm<\/strong><\/p>\n","protected":false},"featured_media":86560,"comment_status":"closed","ping_status":"closed","template":"","meta":{"inline_featured_image":false},"acf":[],"brands":[{"id":8217,"name":"MIDEA","slug":"midea-pt"}],"_links":{"self":[{"href":"https:\/\/liana.com.pt\/es\/wp-json\/wp\/v2\/product\/86559"}],"collection":[{"href":"https:\/\/liana.com.pt\/es\/wp-json\/wp\/v2\/product"}],"about":[{"href":"https:\/\/liana.com.pt\/es\/wp-json\/wp\/v2\/types\/product"}],"replies":[{"embeddable":true,"href":"https:\/\/liana.com.pt\/es\/wp-json\/wp\/v2\/comments?post=86559"}],"wp:featuredmedia":[{"embeddable":true,"href":"https:\/\/liana.com.pt\/es\/wp-json\/wp\/v2\/media\/86560"}],"wp:attachment":[{"href":"https:\/\/liana.com.pt\/es\/wp-json\/wp\/v2\/media?parent=86559"}],"curies":[{"name":"wp","href":"https:\/\/api.w.org\/{rel}","templated":true}]}}