{"id":32158,"date":"2022-08-25T00:37:39","date_gmt":"2022-08-25T00:37:39","guid":{"rendered":"https:\/\/liana.com.pt\/?page_id=32158"},"modified":"2022-08-25T08:44:18","modified_gmt":"2022-08-25T08:44:18","slug":"terminos-y-condiciones","status":"publish","type":"page","link":"https:\/\/liana.com.pt\/es\/terminos-y-condiciones\/","title":{"rendered":"T\u00e9rminos y Condiciones"},"content":{"rendered":"<p><strong>1. \u00c1mbito de aplicaci\u00f3n<br \/>\n1.1.<\/strong> Estas condiciones de venta se aplican:<\/p>\n<p>(a) a todas las ofertas mostradas en esta p\u00e1gina web &#8211; tambi\u00e9n denominado &#8220;site&#8221; \u2013 emitidas por <strong>LIANA, LDA<\/strong>, con sede en <strong>RUA JOAQUIM FERREIRO, N.\u00ba 70 ARMAZ\u00c9M C, 4435-297 RIO TINTO<\/strong> y<br \/>\n(b) a todos los acuerdos y relaciones efectuadas entre <strong>LIANA, LDA<\/strong> y cualquier cliente que realice pedidos a trav\u00e9s de esta p\u00e1gina web.<\/p>\n<p><strong>1.2. LIANA, LDA<\/strong> \u00fanicamente acepta pedidos de productos a trav\u00e9s de su p\u00e1gina web, sujetas a estas condiciones de venta.<\/p>\n<p><strong>1.3.<\/strong> Las presentes condiciones generales de venta se aplican y substituyen a cualquier otra condici\u00f3n, excepto previo acuerdo, expresado y por escrito. <strong>LIANA, LDA<\/strong> puede modificar puntualmente ciertas disposiciones de sus condiciones generales, y por ello es necesario su lectura cada vez que entren al site <strong>WWW.LIANA.COM.PT\u00a0<\/strong>y <strong>WWW.LIANA.PT<\/strong> (aqu\u00ed denominado &#8220;Site&#8221;). Cuando un pedido de compra sea validado, consideramos que el cliente acepta autom\u00e1ticamente las condiciones generales de venta.<\/p>\n<p><strong>2. Proceso de Registro y Pedido<\/strong><br \/>\n<strong>2.1.<\/strong> Registro<\/p>\n<p>Para efectuar sus compras a trav\u00e9s de esta p\u00e1gina web, deber\u00e1 registrarse previamente. Los datos solicitados para el registro son:<\/p>\n<p>\u2022 Nombre<br \/>\n\u2022 Apellido<br \/>\n\u2022 E-mail<br \/>\n\u2022 Tel\u00e9fono<br \/>\n\u2022 Empresa<br \/>\n\u2022 N\u00famero de Identificaci\u00f3n fiscal<br \/>\n\u2022 Direcci\u00f3n completa<\/p>\n<p><strong>2.2. Pedidos<\/strong><br \/>\n<strong>2.2.1.<\/strong> Selecci\u00f3n de Productos<\/p>\n<p>Los productos que se muestran en esta p\u00e1gina web est\u00e1n agrupados en varias categor\u00edas:<\/p>\n<p>\u2022 LAVADO<br \/>\n\u2022 SECADO<br \/>\n\u2022 LAVAVAJILLAS<br \/>\n\u2022 FRIO<br \/>\n\u2022 COCI\u00d3N<br \/>\n\u2022 CAMPANAS<br \/>\n\u2022 CALEFACCI\u00d3N<br \/>\n\u2022 TV LEDS<br \/>\n\u2022 PEQUE\u00d1OS ELECTRODOM\u00c9STICOS<br \/>\n\u2022 DIVERSOS<\/p>\n<p>Estas categor\u00edas est\u00e1n identificadas en el men\u00fa superior y en la columna izquierda en las paginas internas de la p\u00e1gina web. Al seleccionar una de estas categor\u00edas tendr\u00e1 acceso al grupo al que pertenece el \u00e1rea seleccionada, bien como la a la lista de productos.<\/p>\n<p>Cada categor\u00eda podr\u00e1 contender subcategor\u00edas agregadas. Al seleccionar una categor\u00eda o subcategor\u00eda tendr\u00e1 acceso a la lista de productos.<br \/>\nLos productos visualizados en el site que quiera pedir, deber\u00e1n a\u00f1adirlos en el carrito de compras, en la opci\u00f3n \u201ccomprar\u201d. Para obtener informaci\u00f3n detallada sobre los productos visualizados, clique en el nombre del producto, y podr\u00e1 acceder a im\u00e1genes en detalle de estos, la nomenclatura, referencias, caracter\u00edsticas, otros modelos, etc.<\/p>\n<p><strong>2.2.2.<\/strong> Carrito de Compras<\/p>\n<p>Tras colocar en el carrito de compras los productos que quiera pedir, podr\u00e1 completar y concluir su encargo. Para tal efecto, es necesario seguir los siguientes pasos:<\/p>\n<p>Paso 1 \u2013 Identificaci\u00f3n (Si ya se identific\u00f3 con anterioridad al hacer login, podr\u00e1 avanzar al paso 2);<br \/>\nPaso 2 \u2013 Cuenta e Direcci\u00f3n de Cobranza;<br \/>\nPaso 3 \u2013 Direcci\u00f3n de Entrega;<br \/>\nPaso 4 \u2013 Forma de Entrega;<br \/>\nPaso 5 \u2013 Forma de Pago;<br \/>\nPaso 6 \u2013 Confirmar Pedido;<\/p>\n<p>Tras la confirmaci\u00f3n de su pedido recibir\u00e1 un e-mail de respuesta de la recepci\u00f3n de su encargo.<\/p>\n<p><strong>2.2.3.<\/strong> Aceptar el pedido<\/p>\n<p>La confirmaci\u00f3n de la disponibilidad de los productos pedidos y la aceptaci\u00f3n de su encargo ser\u00e1 realizado por tel\u00e9fono o, si no es posible, a trav\u00e9s del env\u00edo de un nuevo e-mail.<br \/>\nCuando <strong>LIANA, LDA<\/strong> acepta el pedido del cliente, se forma un acuerdo que obliga a <strong>WWW.LIANA.COM.PT\u00a0<\/strong>y <strong>WWW.LIANA.PT<\/strong> y al cliente, que los hace copart\u00edcipes de las condiciones de venta.<br \/>\n<strong>LIANA, LDA<\/strong> podr\u00e1 retirar, en cualquier momento, toda oferta o alteraci\u00f3n del precio indicado, salvo previo acuerdo con el cliente.<br \/>\nNo se podr\u00e1 imputar a <strong>LIANA, LDA<\/strong> cualquier responsabilidad por eventuales errores tipogr\u00e1ficos.<br \/>\nLas im\u00e1genes presentadas pueden no corresponder a las im\u00e1genes reales de los productos.<\/p>\n<p><strong>3. Entregas y Portes de Envi\u00f3<br \/>\n<\/strong><strong>3.1.<\/strong> Ver condiciones en: Env\u00edos y Transporte<\/p>\n<p><strong>3.2.<\/strong> <strong>LIANA, LDA<\/strong> respeta los plazos de un pedido siempre que exista disponibilidad en stock.<br \/>\nCuando uno de los productos pedidos no se encuentra disponible en stock, <strong>LIANA, LDA<\/strong> se pondr\u00e1 en contacto con el cliente v\u00eda e-mail o telef\u00f3nicamente en un plazo de 15 d\u00edas a partir de la fecha de pedido, y har\u00e1 todo lo posible para entregar los productos y\/o servicios en la fecha prevista, a pesar de no se responsabilizar en caso de atraso por cualquier raz\u00f3n.<\/p>\n<p><strong>4. Otros procesos relativos a las Entregas<\/strong><\/p>\n<p>Nuestra empresa de transporte actual es <strong>CTT EMS<\/strong>, <strong>MRW<\/strong> y <strong>VOAM<\/strong> siendo que cualquier pedido estar\u00e1 sujeto a las condiciones de servicio de nuestra transportadora, pudiendo ser imposible en determinadas circunstancias, garantizar el cumplimiento de los horarios espec\u00edficos y plazos de entrega, limitaciones ocasionadas por fen\u00f3menos naturales o flujo masivo de servicio. Estos atrasos no se podr\u00e1n en ning\u00fan caso imputar a <strong>LIANA, LDA<\/strong>.<\/p>\n<p><span style=\"color: #ff0000;\"><strong>AVISO IMPORTANTE:<\/strong><\/span> Debido a la situaci\u00f3n global, no podemos responsabilizarnos por retrasos en las entregas, aumentos de precios o cancelaciones repentinas de entregas por parte de los proveedores.<\/p>\n<p>Haremos todo lo posible para cumplir con la satisfacci\u00f3n del Cliente, pero a partir de ahora est\u00e1 reservado:<\/p>\n<p>&#8211; el derecho a no reembolsar el importe pagado, por retraso en la entrega.<\/p>\n<p>&#8211; el derecho a cancelar la entrega con un reembolso de la cantidad pagada, si el proveedor interrumpe, cancela el env\u00edo,<\/p>\n<p>&#8211; el derecho a ajustar el precio sin previo aviso (situaci\u00f3n que evitaremos a toda costa).<\/p>\n<p><strong>5. Metodos de Pago<\/strong><\/p>\n<p><strong>En compras online:<\/strong><\/p>\n<p>\u2013 A trav\u00e9s de la plataforma tecnol\u00f3gica de REDUNIQ, aceptamos pagos en l\u00ednea con tarjetas Visa y Mastercard de todo el mundo, con la mayor seguridad y comodidad para ti.<br \/>\n\u2013 Cuenta corriente, si ya es nuestro cliente fidelizado. Se necesita una autorizaci\u00f3n previa para pagar por este m\u00e9todo.<\/p>\n<p><strong>En compras Presenciales:<\/strong><\/p>\n<p>\u2013 Dinero<br \/>\n\u2013 Tarjeta de d\u00e9bito.<\/p>\n<p><strong>6. Realizaci\u00f3n de Compra<\/strong><br \/>\n<strong>6.1.1.<\/strong> Los bienes que se le facturar\u00e1n se pondr\u00e1n a su disposici\u00f3n en la fecha de la factura.<br \/>\n<strong>6.1.2.<\/strong> El material electr\u00f3nico\/mec\u00e1nico que no sea aplicado por nuestros servicios no tiene garant\u00eda ni devoluci\u00f3n.<br \/>\n<strong>6.1.3.<\/strong> No se aceptan quejas sobre compresores. Prueba antes de aplicar.<br \/>\n<strong>6.1.4.<\/strong> Solo tramitamos reclamaciones por da\u00f1os materiales con el transportista, si se presentan dentro de las 24 horas siguientes a la recepci\u00f3n de la mercanc\u00eda y el da\u00f1o en el volumen ha sido debidamente notificado a la recepci\u00f3n.<\/p>\n<p><strong>7. Tratamiento y Seguridad de Datos Personales<br \/>\n7.1.<\/strong> En cumplimiento de los dispuesto en la Ley de Protecci\u00f3n de Datos Personales, el cliente de <strong>LIANA, LDA<\/strong> y usuario de nuestra p\u00e1gina web podr\u00e1, en cualquier momento, ejercer los derechos de acceso, rectificaci\u00f3n, cancelaci\u00f3n y comunicaci\u00f3n de sus datos a trav\u00e9s de las siguientes maneras:<\/p>\n<p>En \u201cMi Cuenta\u201d, a trav\u00e9s del e-mail <strong>GERAL@LIANA.COM.PT<\/strong> y tambi\u00e9n por el tel\u00e9fono +351 225 025 742. Si desea borrar su correo electr\u00f3nico debe realizar dicha anulaci\u00f3n a trav\u00e9s de la direcci\u00f3n de correo electr\u00f3nico de nuestra base de datos, de otra manera nos ser\u00e1 imposible retirarlo.<\/p>\n<p><strong>7.2.<\/strong> El cliente autoriza a <strong>LIANA, LDA<\/strong> a procesar de forma automatizada los datos personales, incluidos aquellos divulgados al registrarse en la p\u00e1gina web, para fines necesarios para la contrataci\u00f3n del cliente, la gesti\u00f3n y ejecuci\u00f3n de compras y sus respectivos registros, para control de procesos, incluyendo la utilizaci\u00f3n de la tecnolog\u00eda &#8220;cookies&#8221;, pudiendo los mismos ser cedidos por prestadores de servicios y proveedores de LIANA, LDA, concretamente, empresas de contabilidad y de auditor\u00eda.<\/p>\n<p><strong>8. Otros Derechos y Responsabilidades<br \/>\n8.1.<\/strong> Nombre de usuario<br \/>\nCada cliente registrado elegir\u00e1 un nombre de usuario (e-mail) que ser\u00e1 \u00fanico, personal e intransmisible. La contrase\u00f1a ser\u00e1 elegida por el cliente en el momento del registro y deber\u00e1 mantenerla en secreto.<\/p>\n<p><strong>8.2<\/strong> Seguridad en las Transacciones<br \/>\nLos m\u00e9todos de Pago disponibles para el cobro garantizan un pago contra reembolso y simult\u00e1neamente, un nivel de seguridad m\u00e1ximo ya sea realizado en efectivo, tarjeta o cheque.<\/p>\n<p><strong>8.3.<\/strong> Precios y Limitaci\u00f3n del Stock Existente<br \/>\nLos precios se muestran en Euros (\u20ac) e incluyen las respectivas tasas e impuestos (IVA). Los precios indicados son exclusivos para su compra a trav\u00e9s de la p\u00e1gina web.<\/p>\n<p>La disponibilidad de los productos mostrados en la p\u00e1gina web est\u00e1 limitada al stock existente en tiempo real. Los precios y otras descripciones est\u00e1n sujetas a alteraciones sin previo aviso, incluyendo la reposici\u00f3n de stock, que estar\u00e1 sujeta a la disponibilidad de terceros.<\/p>\n<p><strong>8.4.<\/strong> Propiedad del Contenido y Se\u00f1ales Distintivos<br \/>\nTodos los datos y contenidos del site, incluyendo los datos y contenidos del site, incluidas las marcas comerciales, son propiedad exclusiva de LIANA, LDA o de terceros y como tales est\u00e1n protegidas por la ley.<\/p>\n<p><strong>8.5.<\/strong> Errores en el Contenido<br \/>\n<strong>LIANA, LDA<\/strong> no asume la responsabilidad por cualquier error en el contenido del site y de la informaci\u00f3n disponible. <strong>LIANA, LDA<\/strong> se compromete a realizar todos los esfuerzos para garantizar la exactitud y conformidad del contenido del site, reserv\u00e1ndose el derecho de alterar libremente los contenidos del site, en cualquier momento y sin previo aviso.<\/p>\n<p><strong>8.6.<\/strong> Uso de Internet<br \/>\n<strong>LIANA, LDA<\/strong> no se har\u00e1 responsable por los perjuicios e inconvenientes que puedan surgir por el acceso a internet, incluyendo, por ejemplo, como consecuencia de la ruptura o deficiencia del servicio o acceso, de la intrusi\u00f3n o presencia de virus inform\u00e1ticos, o en caso de fuerza mayor.<\/p>\n<p><strong>9. Legislaci\u00f3n y Autoridad<\/strong><br \/>\nTodo acuerdo y documento que sean aplicables a las presentes condiciones de venta, est\u00e1n regulados por la Ley Portuguesa. Los litigios emergentes de cualquier acuerdo o documento a los que se apliquen las presentes condiciones de venta, estar\u00e1n sujetos a los tribunales competentes de la Comarca do Porto.<\/p>\n","protected":false},"excerpt":{"rendered":"<p>1. \u00c1mbito de aplicaci\u00f3n 1.1. Estas condiciones de venta se aplican: (a) a todas las ofertas mostradas en esta p\u00e1gina web &#8211; tambi\u00e9n denominado &#8220;site&#8221; \u2013 emitidas por LIANA, LDA, con sede en RUA JOAQUIM FERREIRO, N.\u00ba 70 ARMAZ\u00c9M C, 4435-297 RIO TINTO y (b) a todos los acuerdos y relaciones efectuadas entre LIANA, LDA [&hellip;]<\/p>\n","protected":false},"author":8,"featured_media":22618,"parent":0,"menu_order":0,"comment_status":"closed","ping_status":"closed","template":"","meta":{"inline_featured_image":false},"acf":[],"_links":{"self":[{"href":"https:\/\/liana.com.pt\/es\/wp-json\/wp\/v2\/pages\/32158"}],"collection":[{"href":"https:\/\/liana.com.pt\/es\/wp-json\/wp\/v2\/pages"}],"about":[{"href":"https:\/\/liana.com.pt\/es\/wp-json\/wp\/v2\/types\/page"}],"author":[{"embeddable":true,"href":"https:\/\/liana.com.pt\/es\/wp-json\/wp\/v2\/users\/8"}],"replies":[{"embeddable":true,"href":"https:\/\/liana.com.pt\/es\/wp-json\/wp\/v2\/comments?post=32158"}],"version-history":[{"count":1,"href":"https:\/\/liana.com.pt\/es\/wp-json\/wp\/v2\/pages\/32158\/revisions"}],"predecessor-version":[{"id":32159,"href":"https:\/\/liana.com.pt\/es\/wp-json\/wp\/v2\/pages\/32158\/revisions\/32159"}],"wp:featuredmedia":[{"embeddable":true,"href":"https:\/\/liana.com.pt\/es\/wp-json\/wp\/v2\/media\/22618"}],"wp:attachment":[{"href":"https:\/\/liana.com.pt\/es\/wp-json\/wp\/v2\/media?parent=32158"}],"curies":[{"name":"wp","href":"https:\/\/api.w.org\/{rel}","templated":true}]}}